{"id":21,"date":"2023-09-29T08:07:32","date_gmt":"2023-09-29T08:07:32","guid":{"rendered":"https:\/\/demo.bravisthemes.com\/gotranscom\/?page_id=21"},"modified":"2025-08-18T15:55:50","modified_gmt":"2025-08-18T15:55:50","slug":"demande","status":"publish","type":"page","link":"https:\/\/autotransportjetoni.com\/fr\/demande\/","title":{"rendered":"Demande de transport"},"content":{"rendered":"<div data-elementor-type=\"wp-page\" data-elementor-id=\"21\" class=\"elementor elementor-21\">\n\t\t\t\t<div class=\"elementor-element elementor-element-0dc9ee0 e-flex e-con-boxed e-con e-parent\" data-id=\"0dc9ee0\" data-element_type=\"container\">\t\t\t<div class=\"e-con-inner\">\r\n\t\t\t\t<div class=\"elementor-element elementor-element-9f6c806 elementor-widget elementor-widget-heading\" data-id=\"9f6c806\" data-element_type=\"widget\" data-widget_type=\"heading.default\">\n\t\t\t\t\t<h2 class=\"elementor-heading-title elementor-size-default\">Demande de transport<\/h2>\t\t\t\t<\/div>\n\t\t\t\t<div class=\"elementor-element elementor-element-44e388f elementor-widget elementor-widget-shortcode\" data-id=\"44e388f\" data-element_type=\"widget\" data-widget_type=\"shortcode.default\">\n\t\t\t\t\t\t\t<div class=\"elementor-shortcode\">\n<div class=\"wpcf7 no-js\" id=\"wpcf7-f10553-o1\" lang=\"en-US\" dir=\"ltr\" data-wpcf7-id=\"10553\">\n<div class=\"screen-reader-response\"><p role=\"status\" aria-live=\"polite\" aria-atomic=\"true\"><\/p> <ul><\/ul><\/div>\n<form action=\"\/fr\/wp-json\/wp\/v2\/pages\/21#wpcf7-f10553-o1\" method=\"post\" class=\"wpcf7-form init\" aria-label=\"Contact form\" enctype=\"multipart\/form-data\" novalidate=\"novalidate\" data-status=\"init\" data-trp-original-action=\"\/fr\/wp-json\/wp\/v2\/pages\/21#wpcf7-f10553-o1\">\n<fieldset class=\"hidden-fields-container\"><input type=\"hidden\" name=\"_wpcf7\" value=\"10553\" \/><input type=\"hidden\" name=\"_wpcf7_version\" value=\"6.1.4\" \/><input type=\"hidden\" name=\"_wpcf7_locale\" value=\"en_US\" \/><input type=\"hidden\" name=\"_wpcf7_unit_tag\" value=\"wpcf7-f10553-o1\" \/><input type=\"hidden\" name=\"_wpcf7_container_post\" value=\"0\" \/><input type=\"hidden\" name=\"_wpcf7_posted_data_hash\" value=\"\" \/><input type=\"hidden\" name=\"_wpcf7cf_hidden_group_fields\" value=\"[]\" \/><input type=\"hidden\" name=\"_wpcf7cf_hidden_groups\" value=\"[]\" \/><input type=\"hidden\" name=\"_wpcf7cf_visible_groups\" value=\"[]\" \/><input type=\"hidden\" name=\"_wpcf7cf_repeaters\" value=\"[]\" \/><input type=\"hidden\" name=\"_wpcf7cf_steps\" value=\"{}\" \/><input type=\"hidden\" name=\"_wpcf7cf_options\" value=\"{&quot;form_id&quot;:10553,&quot;conditions&quot;:[{&quot;then_field&quot;:&quot;from-ch&quot;,&quot;and_rules&quot;:[{&quot;if_field&quot;:&quot;handover-from&quot;,&quot;operator&quot;:&quot;equals&quot;,&quot;if_value&quot;:&quot;Zvic\\u00ebr&quot;}]},{&quot;then_field&quot;:&quot;from-kos&quot;,&quot;and_rules&quot;:[{&quot;if_field&quot;:&quot;handover-from&quot;,&quot;operator&quot;:&quot;equals&quot;,&quot;if_value&quot;:&quot;Kosov\\u00eb&quot;}]},{&quot;then_field&quot;:&quot;from-al&quot;,&quot;and_rules&quot;:[{&quot;if_field&quot;:&quot;handover-from&quot;,&quot;operator&quot;:&quot;equals&quot;,&quot;if_value&quot;:&quot;Shqip\\u00ebri&quot;}]},{&quot;then_field&quot;:&quot;ch-deliver-yourself&quot;,&quot;and_rules&quot;:[{&quot;if_field&quot;:&quot;handover-from&quot;,&quot;operator&quot;:&quot;equals&quot;,&quot;if_value&quot;:&quot;Zvic\\u00ebr&quot;},{&quot;if_field&quot;:&quot;ch-method&quot;,&quot;operator&quot;:&quot;equals&quot;,&quot;if_value&quot;:&quot;Vetura te dorzohet nga ana juaj.&quot;}]},{&quot;then_field&quot;:&quot;ch-pickup-by-us&quot;,&quot;and_rules&quot;:[{&quot;if_field&quot;:&quot;handover-from&quot;,&quot;operator&quot;:&quot;equals&quot;,&quot;if_value&quot;:&quot;Zvic\\u00ebr&quot;},{&quot;if_field&quot;:&quot;ch-method&quot;,&quot;operator&quot;:&quot;equals&quot;,&quot;if_value&quot;:&quot;Vetura te mirret nga ne.&quot;}]},{&quot;then_field&quot;:&quot;dest-from-ch&quot;,&quot;and_rules&quot;:[{&quot;if_field&quot;:&quot;handover-from&quot;,&quot;operator&quot;:&quot;equals&quot;,&quot;if_value&quot;:&quot;Zvic\\u00ebr&quot;}]},{&quot;then_field&quot;:&quot;dest-from-kos&quot;,&quot;and_rules&quot;:[{&quot;if_field&quot;:&quot;handover-from&quot;,&quot;operator&quot;:&quot;equals&quot;,&quot;if_value&quot;:&quot;Kosov\\u00eb&quot;}]},{&quot;then_field&quot;:&quot;dest-from-al&quot;,&quot;and_rules&quot;:[{&quot;if_field&quot;:&quot;handover-from&quot;,&quot;operator&quot;:&quot;equals&quot;,&quot;if_value&quot;:&quot;Shqip\\u00ebri&quot;}]}],&quot;settings&quot;:{&quot;animation&quot;:&quot;yes&quot;,&quot;animation_intime&quot;:200,&quot;animation_outtime&quot;:200,&quot;conditions_ui&quot;:&quot;normal&quot;,&quot;notice_dismissed&quot;:false}}\" \/>\n<\/fieldset>\n<div class=\"uacf7-form-wrapper-container uacf7-form-10553\"><div class=\"form-row\">\n  <div class=\"form-col\">\n    <label for=\"first-name\">Nom<\/label>\n    <span class=\"wpcf7-form-control-wrap\" data-name=\"first-name\"><input size=\"40\" maxlength=\"400\" class=\"wpcf7-form-control wpcf7-text wpcf7-validates-as-required\" aria-required=\"true\" aria-invalid=\"false\" placeholder=\"Nom\" value=\"\" type=\"text\" name=\"first-name\" \/><\/span>\n  <\/div>\n  <div class=\"form-col\">\n<label for=\"last-name\">Nom de famille<\/label>\n    <span class=\"wpcf7-form-control-wrap\" data-name=\"last-name\"><input size=\"40\" maxlength=\"400\" class=\"wpcf7-form-control wpcf7-text wpcf7-validates-as-required\" aria-required=\"true\" aria-invalid=\"false\" placeholder=\"Nom de famille\" value=\"\" type=\"text\" name=\"last-name\" \/><\/span>\n  <\/div>\n<\/div>\n\n<div class=\"form-row\">\n  <div class=\"form-col\">\n<label for=\"phone\">Num\u00e9ro de t\u00e9l\u00e9phone<\/label>\n    <span class=\"wpcf7-form-control-wrap\" data-name=\"phone\"><input size=\"40\" maxlength=\"20\" minlength=\"7\" class=\"wpcf7-form-control wpcf7-tel wpcf7-validates-as-required wpcf7-text wpcf7-validates-as-tel\" aria-required=\"true\" aria-invalid=\"false\" placeholder=\"Num\u00e9ro de t\u00e9l\u00e9phone\" value=\"\" type=\"tel\" name=\"phone\" \/><\/span>\n  <\/div>\n  <div class=\"form-col\">\n<label for=\"email\">E-Mail<\/label>\n    <span class=\"wpcf7-form-control-wrap\" data-name=\"email\"><input size=\"40\" maxlength=\"400\" class=\"wpcf7-form-control wpcf7-email wpcf7-validates-as-required wpcf7-text wpcf7-validates-as-email\" aria-required=\"true\" aria-invalid=\"false\" placeholder=\"E-Mail\" value=\"\" type=\"email\" name=\"email\" \/><\/span>\n  <\/div>\n<\/div>\n\n<label for=\"pickup-date\">Date de prise en charge<\/label>\n<span class=\"wpcf7-form-control-wrap\" data-name=\"pickup-date\"><input class=\"wpcf7-form-control wpcf7-date wpcf7-validates-as-required wpcf7-validates-as-date\" min=\"2026-04-07\" aria-required=\"true\" aria-invalid=\"false\" placeholder=\"Date de prise en charge\" value=\"\" type=\"date\" name=\"pickup-date\" \/><\/span>\n\n<label for=\"handover-from\">Livraison du v\u00e9hicule<\/label>\n<span class=\"wpcf7-form-control-wrap\" data-name=\"handover-from\"><select class=\"wpcf7-form-control wpcf7-select wpcf7-validates-as-required\" id=\"handover-from\" aria-required=\"true\" aria-invalid=\"false\" name=\"handover-from\"><option value=\"Zvic\u00ebr\" selected=\"selected\">Suisse<\/option><option value=\"Kosov\u00eb\">Kosovo<\/option><option value=\"Shqip\u00ebri\">Albanie<\/option><\/select><\/span>\n\n\n<div data-id=\"from-ch\" data-orig_data_id=\"from-ch\"  class=\"\" data-class=\"wpcf7cf_group\">\n  <div class=\"group-box\"><strong>Lieu de livraison : Suisse<\/strong><\/div>\n\n  <span class=\"wpcf7-form-control-wrap\" data-name=\"ch-method\"><select class=\"wpcf7-form-control wpcf7-select wpcf7-validates-as-required\" aria-required=\"true\" aria-invalid=\"false\" name=\"ch-method\"><option value=\"\">\u2014Choisissez la m\u00e9thode\u2014<\/option><option value=\"Vetura te dorzohet nga ana juaj.\">La voiture sera remise par vous.<\/option><option value=\"Vetura te mirret nga ne.\">La voiture sera r\u00e9cup\u00e9r\u00e9e par nous.<\/option><\/select><\/span>\n\n  <div data-id=\"ch-deliver-yourself\" data-orig_data_id=\"ch-deliver-yourself\"  class=\"\" data-class=\"wpcf7cf_group\">\n    <div class=\"group-box\">\n      <strong>Adresse :<\/strong> Suisse\n      <p>Veuillez livrer la voiture \u00e0 l\u2019adresse en Suisse<\/p>\n<a href=\"https:\/\/maps.app.goo.gl\/DS7Dt11uhpQrKyos6\" target=\"_blank\">Seetalstrasse 141, 5503 Schafisheim<\/a>\n    <\/div>\n  <\/div>\n\n  <div data-id=\"ch-pickup-by-us\" data-orig_data_id=\"ch-pickup-by-us\"  class=\"\" data-class=\"wpcf7cf_group\">\n    <div class=\"group-box\">\n      <strong>Shkruani adres\u00ebn ku ta marrim vetur\u00ebn (Zvic\u00ebr):<\/strong>\n      <div class=\"form-row-3\">\n        <div class=\"form-col-3\">\n          <span class=\"wpcf7-form-control-wrap\" data-name=\"addr-street\"><input size=\"40\" maxlength=\"400\" class=\"wpcf7-form-control wpcf7-text wpcf7-validates-as-required\" aria-required=\"true\" aria-invalid=\"false\" placeholder=\"Rue et num\u00e9ro\" value=\"\" type=\"text\" name=\"addr-street\" \/><\/span>\n        <\/div>\n        <div class=\"form-col-3\">\n          <span class=\"wpcf7-form-control-wrap\" data-name=\"addr-city\"><input size=\"40\" maxlength=\"400\" class=\"wpcf7-form-control wpcf7-text wpcf7-validates-as-required\" aria-required=\"true\" aria-invalid=\"false\" placeholder=\"Ville (par ex. Zurich)\" value=\"\" type=\"text\" name=\"addr-city\" \/><\/span>\n        <\/div>\n        <div class=\"form-col-3\">\n          <span class=\"wpcf7-form-control-wrap\" data-name=\"addr-zip\"><input size=\"40\" maxlength=\"400\" class=\"wpcf7-form-control wpcf7-text wpcf7-validates-as-required\" aria-required=\"true\" aria-invalid=\"false\" placeholder=\"Code postal (ZIP)\" value=\"\" type=\"text\" name=\"addr-zip\" \/><\/span>\n        <\/div>\n      <\/div>\n    <\/div>\n  <\/div>\n<\/div>\n\n<div data-id=\"from-kos\" data-orig_data_id=\"from-kos\"  class=\"\" data-class=\"wpcf7cf_group\">\n  <div class=\"group-box\">\n    <strong>Adresse :<\/strong> \n    <a href=\"https:\/\/www.google.com\/maps\/place\/KAG+Oil\/data=!4m2!3m1!1s0x0:0x36c27710a1580c1c?sa=X&ved=1t:2428&ictx=111\" target=\"_blank\">KAG OIL - Prizren<\/a><br>\n<a href=\"https:\/\/maps.app.goo.gl\/g4TthRNPBnCg2cPc8\" target=\"_blank\">Valoni Petrol - Prishtin\u00eb<\/a>\n  <\/div>\n<\/div>\n\n<div data-id=\"from-al\" data-orig_data_id=\"from-al\"  class=\"\" data-class=\"wpcf7cf_group\">\n  <div class=\"group-box\">\n    <strong>Adresse :<\/strong>\n<a href=\"https:\/\/maps.app.goo.gl\/2iuiBr5PWgEwSQeq8\" target=\"_blank\">Bujari Petrol - Durres<\/a>\n  <\/div>\n<\/div>\n\n<label>Destination<\/label>\n<div data-id=\"dest-from-ch\" data-orig_data_id=\"dest-from-ch\" data-clear_on_hide class=\"\" data-class=\"wpcf7cf_group\">\n  <span class=\"wpcf7-form-control-wrap\" data-name=\"destination_ch\"><select class=\"wpcf7-form-control wpcf7-select wpcf7-validates-as-required\" aria-required=\"true\" aria-invalid=\"false\" name=\"destination_ch\"><option value=\"\">\u2014Lieu de livraison\u2014<\/option><option value=\"Kosov\u00eb\">Kosovo<\/option><option value=\"Shqip\u00ebri\">Albanie<\/option><\/select><\/span>\n<\/div>\n\n<div data-id=\"dest-from-kos\" data-orig_data_id=\"dest-from-kos\" data-clear_on_hide class=\"\" data-class=\"wpcf7cf_group\">\n  <span class=\"wpcf7-form-control-wrap\" data-name=\"destination_kos\"><select class=\"wpcf7-form-control wpcf7-select wpcf7-validates-as-required\" aria-required=\"true\" aria-invalid=\"false\" name=\"destination_kos\"><option value=\"\">\u2014Lieu de livraison\u2014<\/option><option value=\"Zvic\u00ebr\">Suisse<\/option><option value=\"Shqip\u00ebri\">Albanie<\/option><\/select><\/span>\n<\/div>\n\n<div data-id=\"dest-from-al\" data-orig_data_id=\"dest-from-al\" data-clear_on_hide class=\"\" data-class=\"wpcf7cf_group\">\n  <span class=\"wpcf7-form-control-wrap\" data-name=\"destination_al\"><select class=\"wpcf7-form-control wpcf7-select wpcf7-validates-as-required\" aria-required=\"true\" aria-invalid=\"false\" name=\"destination_al\"><option value=\"\">\u2014Lieu de livraison\u2014<\/option><option value=\"Zvic\u00ebr\">Suisse<\/option><option value=\"Kosov\u00eb\">Kosovo<\/option><\/select><\/span>\n<\/div>\n\n\n<div class=\"form-row\">\n  <div class=\"form-col\">\n    <label for=\"car-image\">Carte grise<\/label>\n    <span class=\"wpcf7-form-control-wrap\" data-name=\"car-image\"><input size=\"40\" class=\"wpcf7-form-control wpcf7-file wpcf7-validates-as-required\" id=\"car-image\" accept=\".jpg,.jpeg,.png,.webp\" aria-required=\"true\" aria-invalid=\"false\" type=\"file\" name=\"car-image\" \/><\/span>\n  <\/div>\n<\/div>\n\n<input class=\"wpcf7-form-control wpcf7-submit has-spinner\" type=\"submit\" value=\"Envoyer la demande\" \/><\/div><div class=\"wpcf7-response-output\" aria-hidden=\"true\"><\/div>\n<input type=\"hidden\" name=\"trp-form-language\" value=\"fr\"\/><\/form>\n<\/div>\n<\/div>\n\t\t\t\t\t\t<\/div>\n\t\t\t\t\t<\/div>\r\n\t\t\t\t<\/div>\r\n\t\t\t\t<\/div>","protected":false},"excerpt":{"rendered":"<p>Demande de transport<\/p>","protected":false},"author":1,"featured_media":0,"parent":0,"menu_order":0,"comment_status":"closed","ping_status":"closed","template":"","meta":{"footnotes":""},"class_list":["post-21","page","type-page","status-publish","hentry"],"_links":{"self":[{"href":"https:\/\/autotransportjetoni.com\/fr\/wp-json\/wp\/v2\/pages\/21","targetHints":{"allow":["GET"]}}],"collection":[{"href":"https:\/\/autotransportjetoni.com\/fr\/wp-json\/wp\/v2\/pages"}],"about":[{"href":"https:\/\/autotransportjetoni.com\/fr\/wp-json\/wp\/v2\/types\/page"}],"author":[{"embeddable":true,"href":"https:\/\/autotransportjetoni.com\/fr\/wp-json\/wp\/v2\/users\/1"}],"replies":[{"embeddable":true,"href":"https:\/\/autotransportjetoni.com\/fr\/wp-json\/wp\/v2\/comments?post=21"}],"version-history":[{"count":27,"href":"https:\/\/autotransportjetoni.com\/fr\/wp-json\/wp\/v2\/pages\/21\/revisions"}],"predecessor-version":[{"id":10690,"href":"https:\/\/autotransportjetoni.com\/fr\/wp-json\/wp\/v2\/pages\/21\/revisions\/10690"}],"wp:attachment":[{"href":"https:\/\/autotransportjetoni.com\/fr\/wp-json\/wp\/v2\/media?parent=21"}],"curies":[{"name":"wp","href":"https:\/\/api.w.org\/{rel}","templated":true}]}}